{"id":339,"date":"2021-02-24T21:40:55","date_gmt":"2021-02-24T20:40:55","guid":{"rendered":"https:\/\/www.neuman-avocat.fr\/publications\/?page_id=339"},"modified":"2021-03-12T08:52:24","modified_gmt":"2021-03-12T07:52:24","slug":"politique-de-confidentialite","status":"publish","type":"page","link":"https:\/\/www.neuman-avocat.fr\/publications\/politique-de-confidentialite\/","title":{"rendered":"Politique de confidentialit\u00e9"},"content":{"rendered":"\n<p>Derni\u00e8re mise \u00e0 jour : 12 mars 2021<\/p>\n\n\n\n<p>NEUMAN AVOCAT a pour ambition d\u2019\u00eatre une entreprise citoyenne exemplaire. Nous accordons une grande valeur \u00e0 l\u2019honn\u00eatet\u00e9 et \u00e0 la clart\u00e9 et avons \u00e0 c\u0153ur de construire avec nos clients des relations fortes et durables, fond\u00e9es sur la confiance et l\u2019int\u00e9r\u00eat mutuel. Conform\u00e9ment \u00e0 cette philosophie, la protection de vos donn\u00e9es personnelles est essentielle \u00e0 nos yeux et nous souhaitons vous informer, par l\u2019interm\u00e9diaire de la pr\u00e9sente politique de protection des donn\u00e9es personnelles de la mani\u00e8re dont nous collectons et traitons ces donn\u00e9es. La pr\u00e9sente politique de confidentialit\u00e9 d\u00e9finit et vous informe de la mani\u00e8re dont NEUMAN AVOCAT utilise et prot\u00e8ge les informations que vous nous transmettez, le cas \u00e9ch\u00e9ant, lorsque vous utilisez le pr\u00e9sent site accessible \u00e0 partir de l\u2019URL suivante : neuman-avocat.fr (ci-apr\u00e8s le \u00ab Site \u00bb). Veuillez noter que cette politique de confidentialit\u00e9 est susceptible d\u2019\u00eatre modifi\u00e9e ou compl\u00e9t\u00e9e \u00e0 tout moment par NEUMAN AVOCAT, notamment en vue de se conformer \u00e0 toute \u00e9volution l\u00e9gislative, r\u00e8glementaire, jurisprudentielle ou technologique. Dans un tel cas, la date de sa mise \u00e0 jour sera clairement identifi\u00e9e en t\u00eate de la pr\u00e9sente politique. Ces modifications  vous engagent \u00a0en tant qu\u2019utilisateur du Site (ci-apr\u00e8s \u00ab\u00a0l\u2019Utilisateur\u00a0\u00bb)\u00a0d\u00e8s leur mise en ligne. Il convient par cons\u00e9quent que l\u2019Utilisateur consulte r\u00e9guli\u00e8rement la pr\u00e9sente politique de confidentialit\u00e9 et d\u2019utilisation des cookies afin de prendre connaissance de ses \u00e9ventuelles modifications.<\/p>\n\n\n\n<h2 class=\"wp-block-heading\">Donn\u00e9es personnelles<\/h2>\n\n\n\n<p>D\u2019une mani\u00e8re g\u00e9n\u00e9rale, il vous est possible de visiter le Site sans communiquer aucune information personnelle vous concernant. En toute hypoth\u00e8se, vous n&rsquo;\u00eates en aucune mani\u00e8re oblig\u00e9(e) de transmettre ces informations \u00e0 NEUMAN AVOCAT. N\u00e9anmoins, en cas de refus, il se peut que vous ne puissiez pas b\u00e9n\u00e9ficier de certaines informations ou services que vous avez demand\u00e9s. A ce titre en effet, NEUMAN AVOCAT peut \u00eatre amen\u00e9 dans certains cas \u00e0 vous demander de renseigner (ci-apr\u00e8s vos \u00ab Informations Personnelles \u00bb) : nom de famille ; adresse de courrier \u00e9lectronique ; toute demande particuli\u00e8re que vous pourriez nous adresser (principalement pour des besoins d\u2019archivage) ; En fournissant ces informations, vous acceptez express\u00e9ment qu\u2019elles soient trait\u00e9es par NEUMAN AVOCAT, aux fins indiqu\u00e9es au point 1.2 ci-dessous ainsi qu\u2019aux fins rappel\u00e9es \u00e0 la fin de chaque formulaire. Conform\u00e9ment au R\u00e8glement G\u00e9n\u00e9ral sur la Protection des Donn\u00e9es (General Data Protection R\u00e9gulation) adopt\u00e9 par le Parlement europ\u00e9en le 14 avril 2016, et \u00e0 la Loi Informatique et Libert\u00e9s du 6 janvier 1978 modifi\u00e9e, NEUMAN AVOCAT vous informe des points suivants :<\/p>\n\n\n\n<h3 class=\"wp-block-heading\">1.1. Identit\u00e9 du responsable du traitement<\/h3>\n\n\n\n<p>Le responsable du traitement est la soci\u00e9t\u00e9 NEUMAN AVOCAT, ayant son si\u00e8ge social \u00e0 8, rue Royale &#8211; 1er \u00e9tage &#8211; 75008 PARIS \u2013 France &#8211; T\u00e9l : +33 (0)1 45 55 72 57; Email : contact@neuman-avocat.fr<\/p>\n\n\n\n<h3 class=\"wp-block-heading\">1.2. Finalit\u00e9s du traitement<\/h3>\n\n\n\n<p>NEUMAN AVOCAT est susceptible de traiter vos Informations Personnelles : (a) aux fins de vous fournir les informations ou les services que vous avez demand\u00e9 de recevoir (envoi de nos newsletters suite \u00e0 inscription de votre part) ; et\/ou (b) aux fins de recueillir des informations nous permettant d\u2019am\u00e9liorer notre Site, nos produits et services (notamment par le biais de cookies).<\/p>\n\n\n\n<h3 class=\"wp-block-heading\">1.3. Destinataires<\/h3>\n\n\n\n<p>Seul NEUMAN AVOCAT est destinataire de vos Informations Personnelles. Celles-ci, que ce soit sous forme individuelle ou agr\u00e9g\u00e9e, ne sont jamais transmises \u00e0 un tiers, nonobstant les prestataires auxquels NEUMAN AVOCAT fait appel (vous trouverez de plus amples informations \u00e0 leur sujet au point 1.7 ci-dessous). Ni NEUMAN AVOCAT, ni l\u2019un quelconque de ses prestataires, ne proc\u00e8dent \u00e0 la commercialisation des donn\u00e9es personnelles des visiteurs et Utilisateurs de son Site.<\/p>\n\n\n\n<h3 class=\"wp-block-heading\">1.4. Dur\u00e9e de conservation<\/h3>\n\n\n\n<p>Vos Informations Personnelles sont conserv\u00e9es par NEUMAN AVOCAT uniquement pour le temps correspondant \u00e0 la finalit\u00e9 de la collecte tel qu\u2019indiqu\u00e9 en 1.2 ci-dessus qui ne saurait en tout \u00e9tat de cause exc\u00e9der 36 mois.<\/p>\n\n\n\n<h3 class=\"wp-block-heading\">1.5. Droits Informatique et Libert\u00e9s<\/h3>\n\n\n\n<p>Vous disposez des droits suivants concernant vos Informations Personnelles, que vous pouvez exercer en nous \u00e9crivant \u00e0 l\u2019adresse email (contact@neuman-avocat.fr), \u00e0 l\u2019adresse postale (cf point 1.1 ci-dessus) ou en utilisant le formulaire de contact pr\u00e9sent sur le Site \u00e0 l\u2019adresse url suivante : https:\/\/www.neuman-avocat.fr\/#contact<\/p>\n\n\n\n<h2 class=\"wp-block-heading\">Droit d\u2019acc\u00e8s et de communication des donn\u00e9es<\/h2>\n\n\n\n<p>Vous avez la facult\u00e9 d\u2019acc\u00e9der aux Informations Personnelles qui vous concernent. Cependant, en raison de l\u2019obligation de s\u00e9curit\u00e9 et de confidentialit\u00e9 dans le traitement des donn\u00e9es \u00e0 caract\u00e8re personnel qui incombe \u00e0 NEUMAN AVOCAT, vous \u00eates inform\u00e9(e) que votre demande sera trait\u00e9e sous r\u00e9serve que vous rapportiez la preuve de votre identit\u00e9\u00a0en cours de validit\u00e9, notamment par la production d\u2019un scan de votre titre d\u2019identit\u00e9 en cours de validit\u00e9 (en cas de demande par notre formulaire \u00e9lectronique d\u00e9di\u00e9) ou d\u2019une photocopie sign\u00e9e de votre titre d\u2019identit\u00e9 valide (en cas de demande adress\u00e9e par voie postale). NEUMAN AVOCAT vous informe qu\u2019il sera en droit, le cas \u00e9ch\u00e9ant, de s\u2019opposer aux demandes manifestement abusives (de par leur nombre, leur caract\u00e8re r\u00e9p\u00e9titif ou syst\u00e9matique). Pour vous aider dans votre d\u00e9marche, notamment si vous d\u00e9sirez exercer votre droit d\u2019acc\u00e8s par le biais d\u2019une demande \u00e9crite \u00e0 l\u2019adresse postale mentionn\u00e9e au point 1.1, vous trouverez en cliquant sur le lien suivant un mod\u00e8le de courrier \u00e9labor\u00e9 par la Commission Nationale de l\u2019Informatique et des Libert\u00e9s (la \u00ab CNIL \u00bb). https:\/\/www.cnil.fr\/fr\/modele\/courrier\/exercer-son-droit-dacces<\/p>\n\n\n\n<h2 class=\"wp-block-heading\">Droit de rectification des donn\u00e9es<\/h2>\n\n\n\n<p>Au titre de ce droit, la l\u00e9gislation vous habilite \u00e0 demander la rectification, la mise \u00e0 jour, le verrouillage ou encore l\u2019effacement des donn\u00e9es vous concernant qui peuvent s\u2019av\u00e9rer le cas \u00e9ch\u00e9ant inexactes, erron\u00e9es, incompl\u00e8tes ou obsol\u00e8tes. Egalement, vous pouvez d\u00e9finir des directives g\u00e9n\u00e9rales et particuli\u00e8res relatives au sort des donn\u00e9es \u00e0 caract\u00e8re personnel apr\u00e8s votre d\u00e9c\u00e8s. Le cas \u00e9ch\u00e9ant, les h\u00e9ritiers d\u2019une personne d\u00e9c\u00e9d\u00e9e peuvent exiger de prendre en consid\u00e9ration le d\u00e9c\u00e8s de leur proche et\/ou de proc\u00e9der aux mises \u00e0 jour n\u00e9cessaires. Pour vous aider dans votre d\u00e9marche, notamment si vous d\u00e9sirez exercer, pour votre propre compte ou pour le compte de l\u2019un de vos proches d\u00e9c\u00e9d\u00e9, votre droit de rectification par le biais d\u2019une demande \u00e9crite \u00e0 l\u2019adresse postale mentionn\u00e9e au point 1, vous trouverez en cliquant sur le lien suivant un mod\u00e8le de courrier \u00e9labor\u00e9 par la CNIL. https:\/\/www.cnil.fr\/fr\/modele\/courrier\/rectifier-des-donnees-inexactes-obsoletes-ou-perimees<\/p>\n\n\n\n<h2 class=\"wp-block-heading\">Droit d\u2019opposition<\/h2>\n\n\n\n<p>L\u2019exercice de ce droit n\u2019est possible que dans l\u2019une des deux situations suivantes : lorsque l\u2019exercice de ce droit est fond\u00e9 sur des motifs l\u00e9gitimes ; ou Lorsque l\u2019exercice de ce droit vise \u00e0 faire obstacle \u00e0 ce que les donn\u00e9es recueillies soient utilis\u00e9es \u00e0 des fins de prospection commerciale. Pour vous aider dans votre d\u00e9marche, notamment si vous d\u00e9sirez exercer votre droit d\u2019opposition par le biais d\u2019une demande \u00e9crite adress\u00e9e \u00e0 l\u2019adresse postale indiqu\u00e9e au point 1.1, vous trouverez en cliquant sur le lien suivant un mod\u00e8le de courrier \u00e9labor\u00e9 par la CNIL. https:\/\/www.cnil.fr\/fr\/modele\/courrier\/supprimer-des-informations-vous-concernant-dun-site-internet Nous mettons cependant \u00e0 votre disposition des outils pour g\u00e9rer vos donn\u00e9es directement sur notre site. Vous les trouverez en bas de la page traitant de la <a href=\"https:\/\/www.neuman-avocat.fr\/publications\/politique-sur-les-cookies\/\">politique g\u00e9n\u00e9rale sur les cookies<\/a>. Contactez-nous si vous rencontrez des probl\u00e8mes avec leur utilisation.<\/p>\n\n\n\n<h3 class=\"wp-block-heading\">1.6. D\u00e9lais de r\u00e9ponse<\/h3>\n\n\n\n<p>NEUMAN AVOCAT s\u2019engage \u00e0 r\u00e9pondre \u00e0 votre demande d\u2019acc\u00e8s, de rectification ou d\u2019opposition ou toute autre demande compl\u00e9mentaire d\u2019informations dans un d\u00e9lai raisonnable qui ne saurait d\u00e9passer 1 mois \u00e0 compter de la r\u00e9ception de votre demande.<\/p>\n\n\n\n<h3 class=\"wp-block-heading\">1.7. Prestataires habilit\u00e9s et transfert vers un pays tiers de l\u2019Union Europ\u00e9enne<\/h3>\n\n\n\n<p>NEUMAN AVOCAT vous informe qu\u2019il a recours \u00e0 des prestataires habilit\u00e9s pour faciliter le recueil et le traitement des donn\u00e9es que vous nous avez communiqu\u00e9es. Ces prestataires peuvent \u00eatre situ\u00e9s en dehors de l\u2019Union Europ\u00e9enne et ont communication des donn\u00e9es recueillies par le biais des divers formulaires pr\u00e9sents sur le Site (\u00e0 l\u2019exception du formulaire vous permettant d\u2019exercer vos droits Informatique et Libert\u00e9s qui est propos\u00e9 et exploit\u00e9 par NEUMAN AVOCAT).<\/p>\n\n\n\n<h3 class=\"wp-block-heading\">1.8. Plainte aupr\u00e8s de l\u2019autorit\u00e9 comp\u00e9tente<\/h3>\n\n\n\n<p>Si vous consid\u00e9rez que NEUMAN AVOCAT ne respecte pas ses obligations au regard de vos Informations Personnelles, vous pouvez adresser une plainte ou une demande aupr\u00e8s de l\u2019autorit\u00e9 comp\u00e9tente. En France, l\u2019autorit\u00e9 comp\u00e9tente est la CNIL \u00e0 laquelle vous pouvez adresser une demande par voie \u00e9lectronique en cliquant sur le lien suivant : https:\/\/www.cnil.fr\/fr\/plaintes\/internet.<\/p>\n","protected":false},"excerpt":{"rendered":"<p>Derni\u00e8re mise \u00e0 jour : 12 mars 2021 NEUMAN AVOCAT a pour ambition d\u2019\u00eatre une entreprise citoyenne exemplaire. Nous accordons une grande valeur \u00e0 l\u2019honn\u00eatet\u00e9 et \u00e0 la clart\u00e9 et avons \u00e0 c\u0153ur de construire avec nos clients des relations fortes et durables, fond\u00e9es sur la confiance et l\u2019int\u00e9r\u00eat mutuel. Conform\u00e9ment \u00e0 cette philosophie, la protection de vos donn\u00e9es personnelles est essentielle \u00e0 nos yeux et nous souhaitons vous informer, par l\u2019interm\u00e9diaire de la pr\u00e9sente politique de protection des donn\u00e9es personnelles de la mani\u00e8re dont nous collectons et traitons ces donn\u00e9es. La pr\u00e9sente politique de confidentialit\u00e9 d\u00e9finit et vous informe &hellip; <a href=\"https:\/\/www.neuman-avocat.fr\/publications\/politique-de-confidentialite\/\" class=\"more-link\">Continuer la lecture de <span class=\"screen-reader-text\">Politique de confidentialit\u00e9<\/span> <span class=\"meta-nav\">&rarr;<\/span><\/a><\/p>\n","protected":false},"author":4,"featured_media":0,"parent":0,"menu_order":0,"comment_status":"closed","ping_status":"closed","template":"","meta":{"footnotes":""},"class_list":["post-339","page","type-page","status-publish","hentry"],"yoast_head":"<!-- This site is optimized with the Yoast SEO plugin v27.4 - https:\/\/yoast.com\/product\/yoast-seo-wordpress\/ -->\n<title>Politique de confidentialit\u00e9 - Publications Neuman Avocat<\/title>\n<meta name=\"robots\" content=\"noindex, follow\" \/>\n<meta property=\"og:locale\" content=\"fr_FR\" \/>\n<meta property=\"og:type\" content=\"article\" \/>\n<meta property=\"og:title\" content=\"Politique de confidentialit\u00e9 - Publications Neuman Avocat\" \/>\n<meta property=\"og:description\" content=\"Derni\u00e8re mise \u00e0 jour : 12 mars 2021 NEUMAN AVOCAT a pour ambition d\u2019\u00eatre une entreprise citoyenne exemplaire. Nous accordons une grande valeur \u00e0 l\u2019honn\u00eatet\u00e9 et \u00e0 la clart\u00e9 et avons \u00e0 c\u0153ur de construire avec nos clients des relations fortes et durables, fond\u00e9es sur la confiance et l\u2019int\u00e9r\u00eat mutuel. Conform\u00e9ment \u00e0 cette philosophie, la protection de vos donn\u00e9es personnelles est essentielle \u00e0 nos yeux et nous souhaitons vous informer, par l\u2019interm\u00e9diaire de la pr\u00e9sente politique de protection des donn\u00e9es personnelles de la mani\u00e8re dont nous collectons et traitons ces donn\u00e9es. La pr\u00e9sente politique de confidentialit\u00e9 d\u00e9finit et vous informe &hellip; Continuer la lecture de Politique de confidentialit\u00e9 &rarr;\" \/>\n<meta property=\"og:url\" content=\"https:\/\/www.neuman-avocat.fr\/publications\/politique-de-confidentialite\/\" \/>\n<meta property=\"og:site_name\" content=\"Publications Neuman Avocat\" \/>\n<meta property=\"article:modified_time\" content=\"2021-03-12T07:52:24+00:00\" \/>\n<meta name=\"twitter:card\" content=\"summary_large_image\" \/>\n<meta name=\"twitter:label1\" content=\"Dur\u00e9e de lecture estim\u00e9e\" \/>\n\t<meta name=\"twitter:data1\" content=\"6 minutes\" \/>\n<script type=\"application\/ld+json\" class=\"yoast-schema-graph\">{\"@context\":\"https:\\\/\\\/schema.org\",\"@graph\":[{\"@type\":\"WebPage\",\"@id\":\"https:\\\/\\\/www.neuman-avocat.fr\\\/publications\\\/politique-de-confidentialite\\\/\",\"url\":\"https:\\\/\\\/www.neuman-avocat.fr\\\/publications\\\/politique-de-confidentialite\\\/\",\"name\":\"Politique de confidentialit\u00e9 - Publications Neuman Avocat\",\"isPartOf\":{\"@id\":\"https:\\\/\\\/www.neuman-avocat.fr\\\/publications\\\/#website\"},\"datePublished\":\"2021-02-24T20:40:55+00:00\",\"dateModified\":\"2021-03-12T07:52:24+00:00\",\"breadcrumb\":{\"@id\":\"https:\\\/\\\/www.neuman-avocat.fr\\\/publications\\\/politique-de-confidentialite\\\/#breadcrumb\"},\"inLanguage\":\"fr-FR\",\"potentialAction\":[{\"@type\":\"ReadAction\",\"target\":[\"https:\\\/\\\/www.neuman-avocat.fr\\\/publications\\\/politique-de-confidentialite\\\/\"]}]},{\"@type\":\"BreadcrumbList\",\"@id\":\"https:\\\/\\\/www.neuman-avocat.fr\\\/publications\\\/politique-de-confidentialite\\\/#breadcrumb\",\"itemListElement\":[{\"@type\":\"ListItem\",\"position\":1,\"name\":\"Accueil\",\"item\":\"https:\\\/\\\/www.neuman-avocat.fr\\\/publications\\\/\"},{\"@type\":\"ListItem\",\"position\":2,\"name\":\"Politique de confidentialit\u00e9\"}]},{\"@type\":\"WebSite\",\"@id\":\"https:\\\/\\\/www.neuman-avocat.fr\\\/publications\\\/#website\",\"url\":\"https:\\\/\\\/www.neuman-avocat.fr\\\/publications\\\/\",\"name\":\"Publications Neuman Avocat\",\"description\":\"\",\"potentialAction\":[{\"@type\":\"SearchAction\",\"target\":{\"@type\":\"EntryPoint\",\"urlTemplate\":\"https:\\\/\\\/www.neuman-avocat.fr\\\/publications\\\/?s={search_term_string}\"},\"query-input\":{\"@type\":\"PropertyValueSpecification\",\"valueRequired\":true,\"valueName\":\"search_term_string\"}}],\"inLanguage\":\"fr-FR\"}]}<\/script>\n<!-- \/ Yoast SEO plugin. -->","yoast_head_json":{"title":"Politique de confidentialit\u00e9 - Publications Neuman Avocat","robots":{"index":"noindex","follow":"follow"},"og_locale":"fr_FR","og_type":"article","og_title":"Politique de confidentialit\u00e9 - Publications Neuman Avocat","og_description":"Derni\u00e8re mise \u00e0 jour : 12 mars 2021 NEUMAN AVOCAT a pour ambition d\u2019\u00eatre une entreprise citoyenne exemplaire. Nous accordons une grande valeur \u00e0 l\u2019honn\u00eatet\u00e9 et \u00e0 la clart\u00e9 et avons \u00e0 c\u0153ur de construire avec nos clients des relations fortes et durables, fond\u00e9es sur la confiance et l\u2019int\u00e9r\u00eat mutuel. Conform\u00e9ment \u00e0 cette philosophie, la protection de vos donn\u00e9es personnelles est essentielle \u00e0 nos yeux et nous souhaitons vous informer, par l\u2019interm\u00e9diaire de la pr\u00e9sente politique de protection des donn\u00e9es personnelles de la mani\u00e8re dont nous collectons et traitons ces donn\u00e9es. La pr\u00e9sente politique de confidentialit\u00e9 d\u00e9finit et vous informe &hellip; Continuer la lecture de Politique de confidentialit\u00e9 &rarr;","og_url":"https:\/\/www.neuman-avocat.fr\/publications\/politique-de-confidentialite\/","og_site_name":"Publications Neuman Avocat","article_modified_time":"2021-03-12T07:52:24+00:00","twitter_card":"summary_large_image","twitter_misc":{"Dur\u00e9e de lecture estim\u00e9e":"6 minutes"},"schema":{"@context":"https:\/\/schema.org","@graph":[{"@type":"WebPage","@id":"https:\/\/www.neuman-avocat.fr\/publications\/politique-de-confidentialite\/","url":"https:\/\/www.neuman-avocat.fr\/publications\/politique-de-confidentialite\/","name":"Politique de confidentialit\u00e9 - Publications Neuman Avocat","isPartOf":{"@id":"https:\/\/www.neuman-avocat.fr\/publications\/#website"},"datePublished":"2021-02-24T20:40:55+00:00","dateModified":"2021-03-12T07:52:24+00:00","breadcrumb":{"@id":"https:\/\/www.neuman-avocat.fr\/publications\/politique-de-confidentialite\/#breadcrumb"},"inLanguage":"fr-FR","potentialAction":[{"@type":"ReadAction","target":["https:\/\/www.neuman-avocat.fr\/publications\/politique-de-confidentialite\/"]}]},{"@type":"BreadcrumbList","@id":"https:\/\/www.neuman-avocat.fr\/publications\/politique-de-confidentialite\/#breadcrumb","itemListElement":[{"@type":"ListItem","position":1,"name":"Accueil","item":"https:\/\/www.neuman-avocat.fr\/publications\/"},{"@type":"ListItem","position":2,"name":"Politique de confidentialit\u00e9"}]},{"@type":"WebSite","@id":"https:\/\/www.neuman-avocat.fr\/publications\/#website","url":"https:\/\/www.neuman-avocat.fr\/publications\/","name":"Publications Neuman Avocat","description":"","potentialAction":[{"@type":"SearchAction","target":{"@type":"EntryPoint","urlTemplate":"https:\/\/www.neuman-avocat.fr\/publications\/?s={search_term_string}"},"query-input":{"@type":"PropertyValueSpecification","valueRequired":true,"valueName":"search_term_string"}}],"inLanguage":"fr-FR"}]}},"_links":{"self":[{"href":"https:\/\/www.neuman-avocat.fr\/publications\/wp-json\/wp\/v2\/pages\/339","targetHints":{"allow":["GET"]}}],"collection":[{"href":"https:\/\/www.neuman-avocat.fr\/publications\/wp-json\/wp\/v2\/pages"}],"about":[{"href":"https:\/\/www.neuman-avocat.fr\/publications\/wp-json\/wp\/v2\/types\/page"}],"author":[{"embeddable":true,"href":"https:\/\/www.neuman-avocat.fr\/publications\/wp-json\/wp\/v2\/users\/4"}],"replies":[{"embeddable":true,"href":"https:\/\/www.neuman-avocat.fr\/publications\/wp-json\/wp\/v2\/comments?post=339"}],"version-history":[{"count":0,"href":"https:\/\/www.neuman-avocat.fr\/publications\/wp-json\/wp\/v2\/pages\/339\/revisions"}],"wp:attachment":[{"href":"https:\/\/www.neuman-avocat.fr\/publications\/wp-json\/wp\/v2\/media?parent=339"}],"curies":[{"name":"wp","href":"https:\/\/api.w.org\/{rel}","templated":true}]}}