{"id":488,"date":"2021-02-24T21:32:00","date_gmt":"2021-02-24T20:32:00","guid":{"rendered":"https:\/\/www.neuman-avocat.fr\/publications\/?page_id=488"},"modified":"2021-03-12T08:56:51","modified_gmt":"2021-03-12T07:56:51","slug":"politique-sur-les-cookies","status":"publish","type":"page","link":"https:\/\/www.neuman-avocat.fr\/publications\/politique-sur-les-cookies\/","title":{"rendered":"Politique sur les cookies"},"content":{"rendered":"\n<p>Derni\u00e8re mise \u00e0 jour : 12 mars 2021<\/p>\n\n\n\n<h2 class=\"wp-block-heading\">1. Utilisation des cookies<\/h2>\n\n\n\n<p>Lors de votre premi\u00e8re connexion sur le site web de NEUMAN AVOCAT, vous \u00eates averti(e) par un bandeau en bas de votre \u00e9cran que des informations relatives \u00e0 votre navigation sont susceptibles d\u2019\u00eatre enregistr\u00e9es dans des fichiers d\u00e9nomm\u00e9s \u00ab cookies \u00bb. Notre politique d\u2019utilisation des cookies vous permet de mieux comprendre les dispositions que nous mettons en \u0153uvre en mati\u00e8re de navigation sur notre site web. Elle vous informe notamment sur l\u2019ensemble des cookies pr\u00e9sents sur notre site web, leur finalit\u00e9 (partie 1.1) et vous donne la marche \u00e0 suivre pour les param\u00e9trer (partie 1.2)<\/p>\n\n\n\n<h3 class=\"wp-block-heading\">1.1. Informations g\u00e9n\u00e9rales sur les cookies pr\u00e9sents sur le site de NEUMAN AVOCAT<\/h3>\n\n\n\n<p>NEUMAN AVOCAT, en tant qu\u2019\u00e9diteur du pr\u00e9sent site web, pourra proc\u00e9der \u00e0 l\u2019implantation d\u2019un cookie sur le disque dur de votre terminal (ordinateur, tablette, mobile etc.) afin de vous garantir une navigation fluide et optimale sur notre site Internet. Les \u00ab cookies \u00bb (ou t\u00e9moins de connexion) sont des petits fichiers texte de taille limit\u00e9e qui nous permettent de reconna\u00eetre votre ordinateur, votre tablette ou votre mobile aux fins de personnaliser les services que nous vous proposons. Les informations recueillies par le biais des cookies ne permettent en aucune mani\u00e8re de vous identifier nominativement. Elles sont utilis\u00e9es exclusivement pour nos besoins propres afin d\u2019am\u00e9liorer l\u2019interactivit\u00e9 et la performance de notre site web et de vous adresser des contenus adapt\u00e9s \u00e0 vos centres d\u2019int\u00e9r\u00eats. Aucune de ces informations ne fait l\u2019objet d\u2019une communication aupr\u00e8s de tiers sauf lorsque NEUMAN AVOCAT a obtenu au pr\u00e9alable votre consentement ou bien lorsque la divulgation de ces informations est requise par la loi, sur ordre d\u2019un tribunal ou toute autorit\u00e9 administrative ou judiciaire habilit\u00e9e \u00e0 en conna\u00eetre.<\/p>\n\n\n\n<h3 class=\"wp-block-heading\">1.2. Configuration de vos pr\u00e9f\u00e9rences sur les cookies<\/h3>\n\n\n\n<p>Pour mieux vous \u00e9clairer sur les informations que les cookies identifient, vous trouverez ci-dessous la liste des diff\u00e9rents types de cookies susceptibles d\u2019\u00eatre utilis\u00e9s sur le site web de NEUMAN AVOCAT, leur nom, leur finalit\u00e9 ainsi que leur dur\u00e9e de conservation. En cliquant sur \u00ab\u00a0Configurer\u00a0\u00bb sur le bandeau de bas de page vous pouvez accepter ou non l&rsquo;utilisation de certains cookies.<\/p>\n\n\n\n<h4 class=\"wp-block-heading\"><strong>a. Les cookies exempt\u00e9s de consentement<\/strong><\/h4>\n\n\n\n<p>Conform\u00e9ment aux recommandations de la Commission Nationale de l\u2019Informatique et des Libert\u00e9s (CNIL), certains cookies sont dispens\u00e9s du recueil pr\u00e9alable de votre consentement dans la mesure o\u00f9 ils sont strictement n\u00e9cessaires au fonctionnement du site internet ou ont pour finalit\u00e9 exclusive de permettre ou faciliter la communication par voie \u00e9lectronique. Il s\u2019agit notamment des cookies d\u2019identifiant de session, d\u2019authentification, de session d\u2019\u00e9quilibrage de charge ainsi que des cookies de personnalisation de votre interface. Ces cookies sont int\u00e9gralement soumis \u00e0 la pr\u00e9sente politique dans la mesure o\u00f9 ils sont \u00e9mis et g\u00e9r\u00e9s par NEUMAN AVOCAT. <\/p>\n\n\n\n<figure class=\"wp-block-table\"><table><tbody><tr><td><strong>Nom du cookie<\/strong><\/td><td><strong>Finalit\u00e9 du cookie<\/strong><\/td><\/tr><tr><td>PHPSESSID<\/td><td>Cookie de stockage des donn\u00e9es de navigation permettant le passage d&rsquo;une page \u00e0 l&rsquo;autre sans perte d&rsquo;information. Il ne sert qu&rsquo;au bon fonctionnement du site.<\/td><\/tr><tr><td>wfwaf-authcookie<\/td><td>Cookie de protection du site. Il ne sert qu&rsquo;au bon fonctionnement du site.<\/td><\/tr><\/tbody><\/table><\/figure>\n\n\n\n<h4 class=\"wp-block-heading\"><strong>b. Les cookies n\u00e9cessitant le recueil pr\u00e9alable de votre consentement<\/strong><\/h4>\n\n\n\n<p>Cette exigence concerne les cookies \u00e9mis par des tiers et qui sont qualifi\u00e9s de \u00ab persistants \u00bb dans la mesure o\u00f9 ils demeurent dans votre terminal jusqu\u2019\u00e0 leur effacement ou leur date d\u2019expiration. De tels cookies \u00e9tant \u00e9mis par des tiers, leur utilisation et leur d\u00e9p\u00f4t sont soumis \u00e0 leurs propres politiques de confidentialit\u00e9 dont vous trouverez un lien ci-dessous. Cette famille de cookie regroupe les cookies publicitaires (auxquels NEUMAN AVOCAT n\u2019a pas recours) ainsi que les cookies de partage de r\u00e9seaux sociaux (notamment de Facebook, Pinterest, LinkedIn et Twitter). Les cookies de partage des r\u00e9seaux sociaux sont \u00e9mis et g\u00e9r\u00e9s par l\u2019\u00e9diteur du r\u00e9seau social concern\u00e9. Le site de NEUMAN AVOCAT ne partage aucune information avec les r\u00e9seaux sociaux via un outil d\u00e9di\u00e9 sur son site. A titre d&rsquo;information vous pouvez consulter la mani\u00e8re dont ces plateformes collectent.<br>Facebook, dont vous pouvez consulter la politique en mati\u00e8re de cookies en cliquant sur le lien suivant : https:\/\/fr-fr.facebook.com\/policies\/cookies\/<br>Pinterest, dont vous pouvez consulter la politique en mati\u00e8re de cookies en cliquant sur le lien suivant : https:\/\/policy.pinterest.com\/fr\/cookies<br>Vous trouverez l\u2019aide n\u00e9cessaire pour supprimer les cookies \u00e0 partir du navigateur Google Chrome en cliquant sur le lien suivant : https:\/\/support.google.com\/youtube\/answer\/32050?hl=fr mais \u00e9galement la politique compl\u00e8te en mati\u00e8re de cookies \u00e0 partir du lien suivant : https:\/\/www.google.fr\/intl\/fr\/policies\/technologies\/cookies\/<br>Twitter, dont vous trouverez les options d\u00e9di\u00e9es au contr\u00f4le ou \u00e0 la restriction de l\u2019utilisation des cookies ainsi que la politique d\u2019utilisation des cookies : https:\/\/support.twitter.com\/articles\/20170518#<\/p>\n\n\n\n<figure class=\"wp-block-table\"><table><tbody><tr><td><strong>Nom du cookie<\/strong><\/td><td><strong>Finalit\u00e9 du cookie<\/strong><\/td><\/tr><tr><td>moove_gdpr_popup<\/td><td>Cookie d&rsquo;aide \u00e0 la conformit\u00e9 au R\u00e8glement europ\u00e9en sur la protection des donn\u00e9es (RGPD).<\/td><\/tr><tr><td>gdprcompliance<\/td><td>Cookie de gestion des tags. Il permet le contr\u00f4le de l&rsquo;utilisateur du consentement \u00e0 voir ses donn\u00e9es anonymes de visite r\u00e9utilis\u00e9es par le responsable du site.<\/td><\/tr><tr><td>gdpr[consent_types]<\/td><td>Cookie d&rsquo;aide \u00e0 la conformit\u00e9 au R\u00e8glement europ\u00e9en sur la protection des donn\u00e9es (RGPD).<\/td><\/tr><tr><td>gdpr[allowed_cookies]<\/td><td>Cookie d&rsquo;aide \u00e0 la conformit\u00e9 au R\u00e8glement europ\u00e9en sur la protection des donn\u00e9es (RGPD).<\/td><\/tr><tr><td>_ga,&nbsp;_gat_gtag,&nbsp;_gid, collect<\/td><td>Cookies de Google Analytics recueillant des statistiques de visites anonymes pour am\u00e9liorer l&rsquo;accessibilit\u00e9 des contenus, la navigation et l&rsquo;exp\u00e9rience utilisateur sur le site. Le d\u00e9p\u00f4t de ces cookies ne n\u00e9cessite pas votre consentement mais vous pouvez cependant les d\u00e9sactiver.<\/td><\/tr><\/tbody><\/table><\/figure>\n\n\n\n<h4 class=\"wp-block-heading\"><strong>c. Vous disposez de divers outils de configuration des cookies<\/strong><\/h4>\n\n\n\n<p>La plupart des navigateurs Internet sont configur\u00e9s par d\u00e9faut de fa\u00e7on \u00e0 ce que le d\u00e9p\u00f4t de cookies soit autoris\u00e9. en plus de l&rsquo;outil de gestion des cookies que nous avons mis en place sur notre site, votre navigateur vous offre l\u2019opportunit\u00e9 de modifier ces param\u00e8tres standards de mani\u00e8re \u00e0 ce que l\u2019ensemble des cookies soit rejet\u00e9 syst\u00e9matiquement ou bien \u00e0 ce qu\u2019une partie seulement des cookies soit accept\u00e9e ou refus\u00e9e en fonction de leur \u00e9metteur. ATTENTION : Nous attirons votre attention sur le fait que le refus du d\u00e9p\u00f4t de cookies sur votre terminal est n\u00e9anmoins susceptible d\u2019alt\u00e9rer votre exp\u00e9rience d\u2019utilisateur ainsi que votre acc\u00e8s \u00e0 certains services ou fonctionnalit\u00e9s du pr\u00e9sent site web. Le cas \u00e9ch\u00e9ant, NEUMAN AVOCAT d\u00e9cline toute responsabilit\u00e9 concernant les cons\u00e9quences li\u00e9es \u00e0 la d\u00e9gradation de vos conditions de navigation qui interviennent en raison de votre choix de refuser, supprimer ou bloquer les cookies n\u00e9cessaires au fonctionnement du site. Ces cons\u00e9quences ne sauraient constituer un dommage et vous ne pourrez pr\u00e9tendre \u00e0 aucune indemnit\u00e9 de ce fait. Votre navigateur vous permet \u00e9galement de supprimer les cookies existants sur votre terminal ou encore de vous signaler lorsque de nouveaux cookies sont susceptibles d\u2019\u00eatre d\u00e9pos\u00e9s sur votre terminal. Ces param\u00e9trages n\u2019ont pas d\u2019incidence sur votre navigation mais vous font perdre tout le b\u00e9n\u00e9fice apport\u00e9 par le cookie. Veuillez ci-dessous prendre connaissance des multiples outils mis \u00e0 votre disposition afin que vous puissiez param\u00e9trer les cookies d\u00e9pos\u00e9s sur votre terminal.<\/p>\n\n\n\n<h4 class=\"wp-block-heading\"><strong>d. Le param\u00e9trage de votre navigateur Internet<\/strong><\/h4>\n\n\n\n<p>Chaque navigateur Internet propose ses propres param\u00e8tres de gestion des cookies. Pour savoir de quelle mani\u00e8re modifier vos pr\u00e9f\u00e9rences en mati\u00e8re de cookies, vous trouverez ci-dessous les liens vers l\u2019aide n\u00e9cessaire pour acc\u00e9der au menu de votre navigateur pr\u00e9vu \u00e0 cet effet : Chrome : https:\/\/support.google.com\/chrome\/answer\/95647?hl=fr Firefox : https:\/\/support.mozilla.org\/fr\/kb\/activer-desactiver-cookies Internet Explorer : https:\/\/support.microsoft.com\/fr-fr\/help\/17442\/windows-internet-explorer-delete-manage-cookies#ie=ie-11 Opera : http:\/\/help.opera.com\/Windows\/10.20\/fr\/cookies.html Safari : https:\/\/support.apple.com\/kb\/PH21411?viewlocale=fr_FR&amp;locale=fr_FR Pour de plus amples informations concernant les outils de ma\u00eetrise des cookies, vous pouvez consulter le site internet de la CNIL : https:\/\/www.cnil.fr\/fr\/cookies-les-outils-pour-les-maitriser. A moins qu\u2019un consentement expr\u00e8s ne soit requis par les lois de votre pays en mati\u00e8re de protection des donn\u00e9es personnelles, en utilisant les pr\u00e9sents supports (tels qu\u2019ils sont list\u00e9s ci-dessus), vous consentez \u00e0 ce que nous collections et utilisions vos donn\u00e9es personnelles de la mani\u00e8re d\u00e9crite dans la pr\u00e9sente Politique et au transfert de vos donn\u00e9es personnelles vers d\u2019autres pays que le v\u00f4tre (y compris vers des pays situ\u00e9s en dehors de l\u2019Union Europ\u00e9enne).<\/p>\n\n\n\n<h2 class=\"wp-block-heading\">Outils de gestion de vos donn\u00e9es<\/h2>\n\n\n\n\n    <h3>\n        Veuillez vous identifier par e-mail    <\/h3>\n    <form>\n        <label for=\"gdpr_email\">Entrez votre email<\/label>\n        <input type=\"hidden\" name=\"gdpr_action\" value=\"identify\" \/>\n        <input type=\"hidden\" name=\"gdpr_nonce\" value=\"ed5ad258c2\" \/>\n        <input type=\"email\" id=\"gdpr_email\" name=\"email\" placeholder=\"Entrez votre email\" \/>\n        \n        <input type=\"submit\" value=\"Envoyer l\u2019e-mail\" id=\"gdpr-submit\"\/>\n    <\/form>\n\n\n\n","protected":false},"excerpt":{"rendered":"<p>Derni\u00e8re mise \u00e0 jour : 12 mars 2021 1. Utilisation des cookies Lors de votre premi\u00e8re connexion sur le site web de NEUMAN AVOCAT, vous \u00eates averti(e) par un bandeau en bas de votre \u00e9cran que des informations relatives \u00e0 votre navigation sont susceptibles d\u2019\u00eatre enregistr\u00e9es dans des fichiers d\u00e9nomm\u00e9s \u00ab cookies \u00bb. Notre politique d\u2019utilisation des cookies vous permet de mieux comprendre les dispositions que nous mettons en \u0153uvre en mati\u00e8re de navigation sur notre site web. Elle vous informe notamment sur l\u2019ensemble des cookies pr\u00e9sents sur notre site web, leur finalit\u00e9 (partie 1.1) et vous donne la marche &hellip; <a href=\"https:\/\/www.neuman-avocat.fr\/publications\/politique-sur-les-cookies\/\" class=\"more-link\">Continuer la lecture de <span class=\"screen-reader-text\">Politique sur les cookies<\/span> <span class=\"meta-nav\">&rarr;<\/span><\/a><\/p>\n","protected":false},"author":3,"featured_media":0,"parent":0,"menu_order":0,"comment_status":"closed","ping_status":"closed","template":"","meta":{"footnotes":""},"class_list":["post-488","page","type-page","status-publish","hentry"],"yoast_head":"<!-- This site is optimized with the Yoast SEO plugin v27.4 - https:\/\/yoast.com\/product\/yoast-seo-wordpress\/ -->\n<title>Politique sur les cookies - Publications Neuman Avocat<\/title>\n<meta name=\"robots\" content=\"noindex, nofollow\" \/>\n<meta property=\"og:locale\" content=\"fr_FR\" \/>\n<meta property=\"og:type\" content=\"article\" \/>\n<meta property=\"og:title\" content=\"Politique sur les cookies - Publications Neuman Avocat\" \/>\n<meta property=\"og:description\" content=\"Derni\u00e8re mise \u00e0 jour : 12 mars 2021 1. Utilisation des cookies Lors de votre premi\u00e8re connexion sur le site web de NEUMAN AVOCAT, vous \u00eates averti(e) par un bandeau en bas de votre \u00e9cran que des informations relatives \u00e0 votre navigation sont susceptibles d\u2019\u00eatre enregistr\u00e9es dans des fichiers d\u00e9nomm\u00e9s \u00ab cookies \u00bb. Notre politique d\u2019utilisation des cookies vous permet de mieux comprendre les dispositions que nous mettons en \u0153uvre en mati\u00e8re de navigation sur notre site web. Elle vous informe notamment sur l\u2019ensemble des cookies pr\u00e9sents sur notre site web, leur finalit\u00e9 (partie 1.1) et vous donne la marche &hellip; Continuer la lecture de Politique sur les cookies &rarr;\" \/>\n<meta property=\"og:url\" content=\"https:\/\/www.neuman-avocat.fr\/publications\/politique-sur-les-cookies\/\" \/>\n<meta property=\"og:site_name\" content=\"Publications Neuman Avocat\" \/>\n<meta property=\"article:modified_time\" content=\"2021-03-12T07:56:51+00:00\" \/>\n<meta name=\"twitter:card\" content=\"summary_large_image\" \/>\n<meta name=\"twitter:label1\" content=\"Dur\u00e9e de lecture estim\u00e9e\" \/>\n\t<meta name=\"twitter:data1\" content=\"6 minutes\" \/>\n<script type=\"application\/ld+json\" class=\"yoast-schema-graph\">{\"@context\":\"https:\\\/\\\/schema.org\",\"@graph\":[{\"@type\":\"WebPage\",\"@id\":\"https:\\\/\\\/www.neuman-avocat.fr\\\/publications\\\/politique-sur-les-cookies\\\/\",\"url\":\"https:\\\/\\\/www.neuman-avocat.fr\\\/publications\\\/politique-sur-les-cookies\\\/\",\"name\":\"Politique sur les cookies - Publications Neuman Avocat\",\"isPartOf\":{\"@id\":\"https:\\\/\\\/www.neuman-avocat.fr\\\/publications\\\/#website\"},\"datePublished\":\"2021-02-24T20:32:00+00:00\",\"dateModified\":\"2021-03-12T07:56:51+00:00\",\"breadcrumb\":{\"@id\":\"https:\\\/\\\/www.neuman-avocat.fr\\\/publications\\\/politique-sur-les-cookies\\\/#breadcrumb\"},\"inLanguage\":\"fr-FR\",\"potentialAction\":[{\"@type\":\"ReadAction\",\"target\":[\"https:\\\/\\\/www.neuman-avocat.fr\\\/publications\\\/politique-sur-les-cookies\\\/\"]}]},{\"@type\":\"BreadcrumbList\",\"@id\":\"https:\\\/\\\/www.neuman-avocat.fr\\\/publications\\\/politique-sur-les-cookies\\\/#breadcrumb\",\"itemListElement\":[{\"@type\":\"ListItem\",\"position\":1,\"name\":\"Accueil\",\"item\":\"https:\\\/\\\/www.neuman-avocat.fr\\\/publications\\\/\"},{\"@type\":\"ListItem\",\"position\":2,\"name\":\"Politique sur les cookies\"}]},{\"@type\":\"WebSite\",\"@id\":\"https:\\\/\\\/www.neuman-avocat.fr\\\/publications\\\/#website\",\"url\":\"https:\\\/\\\/www.neuman-avocat.fr\\\/publications\\\/\",\"name\":\"Publications Neuman Avocat\",\"description\":\"\",\"potentialAction\":[{\"@type\":\"SearchAction\",\"target\":{\"@type\":\"EntryPoint\",\"urlTemplate\":\"https:\\\/\\\/www.neuman-avocat.fr\\\/publications\\\/?s={search_term_string}\"},\"query-input\":{\"@type\":\"PropertyValueSpecification\",\"valueRequired\":true,\"valueName\":\"search_term_string\"}}],\"inLanguage\":\"fr-FR\"}]}<\/script>\n<!-- \/ Yoast SEO plugin. -->","yoast_head_json":{"title":"Politique sur les cookies - Publications Neuman Avocat","robots":{"index":"noindex","follow":"nofollow"},"og_locale":"fr_FR","og_type":"article","og_title":"Politique sur les cookies - Publications Neuman Avocat","og_description":"Derni\u00e8re mise \u00e0 jour : 12 mars 2021 1. Utilisation des cookies Lors de votre premi\u00e8re connexion sur le site web de NEUMAN AVOCAT, vous \u00eates averti(e) par un bandeau en bas de votre \u00e9cran que des informations relatives \u00e0 votre navigation sont susceptibles d\u2019\u00eatre enregistr\u00e9es dans des fichiers d\u00e9nomm\u00e9s \u00ab cookies \u00bb. Notre politique d\u2019utilisation des cookies vous permet de mieux comprendre les dispositions que nous mettons en \u0153uvre en mati\u00e8re de navigation sur notre site web. Elle vous informe notamment sur l\u2019ensemble des cookies pr\u00e9sents sur notre site web, leur finalit\u00e9 (partie 1.1) et vous donne la marche &hellip; Continuer la lecture de Politique sur les cookies &rarr;","og_url":"https:\/\/www.neuman-avocat.fr\/publications\/politique-sur-les-cookies\/","og_site_name":"Publications Neuman Avocat","article_modified_time":"2021-03-12T07:56:51+00:00","twitter_card":"summary_large_image","twitter_misc":{"Dur\u00e9e de lecture estim\u00e9e":"6 minutes"},"schema":{"@context":"https:\/\/schema.org","@graph":[{"@type":"WebPage","@id":"https:\/\/www.neuman-avocat.fr\/publications\/politique-sur-les-cookies\/","url":"https:\/\/www.neuman-avocat.fr\/publications\/politique-sur-les-cookies\/","name":"Politique sur les cookies - Publications Neuman Avocat","isPartOf":{"@id":"https:\/\/www.neuman-avocat.fr\/publications\/#website"},"datePublished":"2021-02-24T20:32:00+00:00","dateModified":"2021-03-12T07:56:51+00:00","breadcrumb":{"@id":"https:\/\/www.neuman-avocat.fr\/publications\/politique-sur-les-cookies\/#breadcrumb"},"inLanguage":"fr-FR","potentialAction":[{"@type":"ReadAction","target":["https:\/\/www.neuman-avocat.fr\/publications\/politique-sur-les-cookies\/"]}]},{"@type":"BreadcrumbList","@id":"https:\/\/www.neuman-avocat.fr\/publications\/politique-sur-les-cookies\/#breadcrumb","itemListElement":[{"@type":"ListItem","position":1,"name":"Accueil","item":"https:\/\/www.neuman-avocat.fr\/publications\/"},{"@type":"ListItem","position":2,"name":"Politique sur les cookies"}]},{"@type":"WebSite","@id":"https:\/\/www.neuman-avocat.fr\/publications\/#website","url":"https:\/\/www.neuman-avocat.fr\/publications\/","name":"Publications Neuman Avocat","description":"","potentialAction":[{"@type":"SearchAction","target":{"@type":"EntryPoint","urlTemplate":"https:\/\/www.neuman-avocat.fr\/publications\/?s={search_term_string}"},"query-input":{"@type":"PropertyValueSpecification","valueRequired":true,"valueName":"search_term_string"}}],"inLanguage":"fr-FR"}]}},"_links":{"self":[{"href":"https:\/\/www.neuman-avocat.fr\/publications\/wp-json\/wp\/v2\/pages\/488","targetHints":{"allow":["GET"]}}],"collection":[{"href":"https:\/\/www.neuman-avocat.fr\/publications\/wp-json\/wp\/v2\/pages"}],"about":[{"href":"https:\/\/www.neuman-avocat.fr\/publications\/wp-json\/wp\/v2\/types\/page"}],"author":[{"embeddable":true,"href":"https:\/\/www.neuman-avocat.fr\/publications\/wp-json\/wp\/v2\/users\/3"}],"replies":[{"embeddable":true,"href":"https:\/\/www.neuman-avocat.fr\/publications\/wp-json\/wp\/v2\/comments?post=488"}],"version-history":[{"count":0,"href":"https:\/\/www.neuman-avocat.fr\/publications\/wp-json\/wp\/v2\/pages\/488\/revisions"}],"wp:attachment":[{"href":"https:\/\/www.neuman-avocat.fr\/publications\/wp-json\/wp\/v2\/media?parent=488"}],"curies":[{"name":"wp","href":"https:\/\/api.w.org\/{rel}","templated":true}]}}